{"id":9049,"date":"2025-06-14T18:56:31","date_gmt":"2025-06-14T21:56:31","guid":{"rendered":"https:\/\/app.djmusicpro.com\/?page_id=9049"},"modified":"2026-03-28T14:11:13","modified_gmt":"2026-03-28T17:11:13","slug":"play-list","status":"publish","type":"page","link":"https:\/\/app.djmusicpro.com\/en\/play-list\/","title":{"rendered":"Play List"},"content":{"rendered":"<div data-elementor-type=\"wp-page\" data-elementor-id=\"9049\" class=\"elementor elementor-9049\" data-elementor-settings=\"{&quot;ha_cmc_init_switcher&quot;:&quot;no&quot;}\" data-elementor-post-type=\"page\">\n\t\t\t\t<div class=\"elementor-element elementor-element-2d2134e7 e-con-full e-flex e-con e-parent\" data-id=\"2d2134e7\" data-element_type=\"container\" data-settings=\"{&quot;content_width&quot;:&quot;full&quot;,&quot;container_type&quot;:&quot;flex&quot;,&quot;_ha_eqh_enable&quot;:false}\" data-core-v316-plus=\"true\">\n\t\t<div class=\"elementor-element elementor-element-26b7b14d e-con-full e-flex e-con e-child\" data-id=\"26b7b14d\" data-element_type=\"container\" data-settings=\"{&quot;content_width&quot;:&quot;full&quot;,&quot;background_background&quot;:&quot;classic&quot;,&quot;container_type&quot;:&quot;flex&quot;,&quot;_ha_eqh_enable&quot;:false}\">\n\t\t<div class=\"elementor-element elementor-element-56c26cc8 e-con-full e-flex e-con e-child\" data-id=\"56c26cc8\" data-element_type=\"container\" data-settings=\"{&quot;content_width&quot;:&quot;full&quot;,&quot;container_type&quot;:&quot;flex&quot;,&quot;_ha_eqh_enable&quot;:false}\">\n\t\t<div class=\"elementor-element elementor-element-431a2b0c e-con-full e-flex e-con e-child\" data-id=\"431a2b0c\" data-element_type=\"container\" data-settings=\"{&quot;content_width&quot;:&quot;full&quot;,&quot;background_background&quot;:&quot;classic&quot;,&quot;container_type&quot;:&quot;flex&quot;,&quot;_ha_eqh_enable&quot;:false}\">\n\t\t<div class=\"elementor-element elementor-element-f985cc1 e-flex e-con-boxed e-con e-child\" data-id=\"f985cc1\" data-element_type=\"container\" data-settings=\"{&quot;background_background&quot;:&quot;classic&quot;,&quot;container_type&quot;:&quot;flex&quot;,&quot;content_width&quot;:&quot;boxed&quot;,&quot;_ha_eqh_enable&quot;:false}\">\n\t\t\t\t\t<div class=\"e-con-inner\">\n\t\t\t\t<div class=\"elementor-element elementor-element-b29ad7f elementor-widget elementor-widget-heading\" data-id=\"b29ad7f\" data-element_type=\"widget\" data-widget_type=\"heading.default\">\n\t\t\t\t<div class=\"elementor-widget-container\">\n\t\t\t<h2 class=\"elementor-heading-title elementor-size-default\"><a href=\"https:\/\/app.djmusicpro.com\/en\/play-list\/\">Playlists<\/a><\/h2>\t\t<\/div>\n\t\t\t\t<\/div>\n\t\t\t\t\t<\/div>\n\t\t\t\t<\/div>\n\t\t\t\t<\/div>\n\t\t\t\t<\/div>\n\t\t\t\t<\/div>\n\t\t\t\t<\/div>\n\t\t\t\t<\/div>","protected":false},"excerpt":{"rendered":"<p>Comunicado As playlists ser\u00e3o removidas da DJ Music Pro. Estamos desenvolvendo um portal exclusivo para playlists, com estrutura pr\u00f3pria para esse tipo de conte\u00fado.Elas tamb\u00e9m n\u00e3o far\u00e3o parte da assinatura da DJ Music Pro, pois envolvem custos adicionais de armazenamento e servidores para manter o servi\u00e7o funcionando corretamente.A DJ Music Pro continuar\u00e1 focada no que [&hellip;]<\/p>","protected":false},"author":11,"featured_media":0,"parent":0,"menu_order":0,"comment_status":"closed","ping_status":"closed","template":"elementor_header_footer","meta":{"_acf_changed":false,"footnotes":""},"class_list":["post-9049","page","type-page","status-publish","hentry"],"acf":[],"_links":{"self":[{"href":"https:\/\/app.djmusicpro.com\/en\/wp-json\/wp\/v2\/pages\/9049","targetHints":{"allow":["GET"]}}],"collection":[{"href":"https:\/\/app.djmusicpro.com\/en\/wp-json\/wp\/v2\/pages"}],"about":[{"href":"https:\/\/app.djmusicpro.com\/en\/wp-json\/wp\/v2\/types\/page"}],"author":[{"embeddable":true,"href":"https:\/\/app.djmusicpro.com\/en\/wp-json\/wp\/v2\/users\/11"}],"replies":[{"embeddable":true,"href":"https:\/\/app.djmusicpro.com\/en\/wp-json\/wp\/v2\/comments?post=9049"}],"version-history":[{"count":317,"href":"https:\/\/app.djmusicpro.com\/en\/wp-json\/wp\/v2\/pages\/9049\/revisions"}],"predecessor-version":[{"id":17095,"href":"https:\/\/app.djmusicpro.com\/en\/wp-json\/wp\/v2\/pages\/9049\/revisions\/17095"}],"wp:attachment":[{"href":"https:\/\/app.djmusicpro.com\/en\/wp-json\/wp\/v2\/media?parent=9049"}],"curies":[{"name":"wp","href":"https:\/\/api.w.org\/{rel}","templated":true}]}}